{"id":7,"date":"2015-11-11T16:52:48","date_gmt":"2015-11-11T15:52:48","guid":{"rendered":"http:\/\/www.jaideunsyrien.fr\/?page_id=7"},"modified":"2025-12-07T19:54:28","modified_gmt":"2025-12-07T18:54:28","slug":"lassociation","status":"publish","type":"page","link":"https:\/\/www.jaideunsyrien.fr\/","title":{"rendered":"J&rsquo;aide un Syrien"},"content":{"rendered":"<p><strong>Continuer \u00e0 apporter du soutien<br \/>\n<\/strong>Apr\u00e8s des ann\u00e9es de guerre, la Syrie est exsangue. Peu de r\u00e9fugi\u00e9s ont pu prendre le chemin du retour au pays.<br \/>\nL&rsquo;association J&rsquo;aide un Syrien, qui \u0153uvre sur le temps long, continue \u00e0 parrainer des familles syriennes r\u00e9fugi\u00e9es en Turquie.<\/p>\n<p><strong>La gen\u00e8se<br \/>\n<\/strong>Avec plus de 3,6 millions de r\u00e9fugi\u00e9s, la Turquie est le premier pays d\u2019accueil des Syrien\u00b7nes oblig\u00e9\u00b7es de quitter leur pays \u00e0 cause de la guerre. \u00ab Invit\u00e9s \u00bb en Turquie, ils ne b\u00e9n\u00e9ficient pas du statut de r\u00e9fugi\u00e9.<br \/>\n\u00c0 la suite de voyages en Turquie de membres de l\u2019association se rendant sur place pour aider leurs familles, ceux-ci ont pu constater que de nombreux r\u00e9fugi\u00e9s syriens survivent dans des conditions inhumaines. Vivant dehors ou dans des lieux insalubres sans eau ni \u00e9lectricit\u00e9, dans des conditions d\u2019hygi\u00e8ne d\u00e9plorables, ils se nourrissent de pain et de th\u00e9 parfois offert par leurs voisins r\u00e9fugi\u00e9s syriens ayant un peu plus de moyens. Leurs enfants ne peuvent pas aller \u00e0 l\u2019\u00e9cole, faute de moyens pour se nourrir, se v\u00eatir correctement et se d\u00e9placer.<\/p>\n<p><strong>L&rsquo;association J&rsquo;aide un Syrien<\/strong><br \/>\nL\u2019association J&rsquo;aide un Syrien est la\u00efque, non lucrative et humanitaire. Elle a pour but de promouvoir les droits humains, l\u2019\u00e9change, la solidarit\u00e9\u2009; de lutter contre les in\u00e9galit\u00e9s, les extr\u00e9mismes et de protester face aux \u00ab\u00a0identit\u00e9s meurtri\u00e8res* \u00bb. L\u2019association est compos\u00e9e de Syriens ayant de la famille r\u00e9fugi\u00e9e en Turquie et de membres fran\u00e7ais et de toutes autres nationalit\u00e9s.<br \/>\nCette association nous permet de passer de la parole \u00e0 l\u2019action et r\u00e9pond aux sollicitations de notre entourage qui nous demandait\u2009: \u00ab Que pouvons-nous faire concr\u00e8tement\u2009? \u00bb. L\u2019acheminement de v\u00eatements ou de m\u00e9dicaments en Turquie \u00e9tant tr\u00e8s on\u00e9reux, il nous a sembl\u00e9 plus efficace de nous tourner vers le don d\u2019argent en s\u2019appuyant sur la confiance des donateurs.<br \/>\nNotre action sera modeste mais transparente, concr\u00e8te et essentielle.<\/p>\n<p>*Titre de l\u2019ouvrage d\u2019Amin Maalouf, <em>Les Identit\u00e9s meurtri\u00e8res<\/em>, Grasset, Paris, 1998<\/p>\n","protected":false},"excerpt":{"rendered":"<p>Continuer \u00e0 apporter du soutien Apr\u00e8s des ann\u00e9es de guerre, la Syrie est exsangue. Peu de r\u00e9fugi\u00e9s ont pu prendre le chemin du retour au pays. L&rsquo;association J&rsquo;aide un Syrien, qui \u0153uvre sur le temps long, continue \u00e0 parrainer des &hellip; <a href=\"https:\/\/www.jaideunsyrien.fr\/\">Continuer la lecture <span class=\"meta-nav\">&rarr;<\/span><\/a><\/p>\n","protected":false},"author":2,"featured_media":0,"parent":0,"menu_order":0,"comment_status":"closed","ping_status":"closed","template":"","meta":[],"_links":{"self":[{"href":"https:\/\/www.jaideunsyrien.fr\/index.php?rest_route=\/wp\/v2\/pages\/7"}],"collection":[{"href":"https:\/\/www.jaideunsyrien.fr\/index.php?rest_route=\/wp\/v2\/pages"}],"about":[{"href":"https:\/\/www.jaideunsyrien.fr\/index.php?rest_route=\/wp\/v2\/types\/page"}],"author":[{"embeddable":true,"href":"https:\/\/www.jaideunsyrien.fr\/index.php?rest_route=\/wp\/v2\/users\/2"}],"replies":[{"embeddable":true,"href":"https:\/\/www.jaideunsyrien.fr\/index.php?rest_route=%2Fwp%2Fv2%2Fcomments&post=7"}],"version-history":[{"count":18,"href":"https:\/\/www.jaideunsyrien.fr\/index.php?rest_route=\/wp\/v2\/pages\/7\/revisions"}],"predecessor-version":[{"id":155,"href":"https:\/\/www.jaideunsyrien.fr\/index.php?rest_route=\/wp\/v2\/pages\/7\/revisions\/155"}],"wp:attachment":[{"href":"https:\/\/www.jaideunsyrien.fr\/index.php?rest_route=%2Fwp%2Fv2%2Fmedia&parent=7"}],"curies":[{"name":"wp","href":"https:\/\/api.w.org\/{rel}","templated":true}]}}